{"id":14,"date":"2020-10-24T20:00:30","date_gmt":"2020-10-24T17:00:30","guid":{"rendered":"http:\/\/clapat.ro\/themes\/satelite-wordpress\/?page_id=14"},"modified":"2026-03-24T17:10:02","modified_gmt":"2026-03-24T16:10:02","slug":"about","status":"publish","type":"page","link":"https:\/\/sestudio.me\/es\/about\/","title":{"rendered":"Nosotros"},"content":{"rendered":"<p><div class=\"vc_row wpb_row vc_row-fluid\"><div class=\"wpb_column vc_column_container vc_col-sm-12\"><div class=\"vc_column-inner\"><div class=\"wpb_wrapper\">\n\t<div class=\"wpb_text_column wpb_content_element \" >\n\t\t<div class=\"wpb_wrapper\">\n\t\t\t<p><span style=\"font-weight: 400;\">Somos un estudio boutique de dise\u00f1o de interiores de alta gama con experiencia internacional y una dedicaci\u00f3n plenamente personalizada en cada proyecto.<\/span><\/p>\n<p><span style=\"font-weight: 400;\">Con Barcelona como punto de encuentro y con trayectorias que nos han llevado a destinos tan diversos como Mosc\u00fa decidimos dar nombre a nuestras colaboraciones internacionales. As\u00ed naci\u00f3 <b>se.studio<\/b>, como una evoluci\u00f3n natural de nuestro trabajo conjunto y de nuestra sensibilidad compartida por el dise\u00f1o.<\/span><\/p>\n<p><span style=\"font-weight: 400;\">Fundado en 2022 y con sede en Barcelona, somos un estudio joven de arquitectura e interiorismo que combina una mirada contempor\u00e1nea con s\u00f3lida experiencia profesional. Nos especializamos en proyectos integrales de interiorismo de alto standing para viviendas residenciales, tanto en la ciudad como en distintos puntos de Europa. Trabajamos principalmente con fondos de inversi\u00f3n inmobiliaria y, actualmente, centramos nuestra actividad en la rehabilitaci\u00f3n de pisos antiguos de alta categor\u00eda.<\/span><\/p>\n<p><span style=\"font-weight: 400;\">Abordamos cada proyecto de forma artesanal, interpretando las ideas de nuestros clientes con un lenguaje sobrio y contempor\u00e1neo. Creamos espacios armoniosos y atemporales donde el equilibrio entre est\u00e9tica, funcionalidad y calidad define cada detalle.<\/span><\/p>\n\n\t\t<\/div>\n\t<\/div>\n<div class=\"vc_row wpb_row vc_inner vc_row-fluid\"><div class=\"wpb_column vc_column_container vc_col-sm-3\"><div class=\"vc_column-inner\"><div class=\"wpb_wrapper\">\n\t<div  class=\"wpb_single_image wpb_content_element vc_align_left\">\n\t\t\n\t\t<figure class=\"wpb_wrapper vc_figure\">\n\t\t\t<div class=\"vc_single_image-wrapper   vc_box_border_grey\"><img width=\"688\" height=\"871\" src=\"https:\/\/sestudio.me\/wp-content\/uploads\/2026\/03\/2.png\" class=\"vc_single_image-img attachment-large\" alt=\"\" loading=\"lazy\" srcset=\"https:\/\/sestudio.me\/wp-content\/uploads\/2026\/03\/2.png 688w, https:\/\/sestudio.me\/wp-content\/uploads\/2026\/03\/2-553x700.png 553w\" sizes=\"(max-width: 688px) 100vw, 688px\" \/><\/div>\n\t\t<\/figure>\n\t<\/div>\n\n\t<div class=\"wpb_text_column wpb_content_element \" >\n\t\t<div class=\"wpb_wrapper\">\n\t\t\t<p style=\"text-align: center;\"><span style=\"font-weight: 400;\"><strong>Anna Uchevatova<\/strong><br \/>\n<\/span><span style=\"font-weight: 400;\">arquitecta \u00a0| \u00a0jefe de obra<\/span><\/p>\n<p><br style=\"font-weight: 400;\" \/><br style=\"font-weight: 400;\" \/><\/p>\n\n\t\t<\/div>\n\t<\/div>\n<\/div><\/div><\/div><div class=\"wpb_column vc_column_container vc_col-sm-3\"><div class=\"vc_column-inner\"><div class=\"wpb_wrapper\">\n\t<div  class=\"wpb_single_image wpb_content_element vc_align_left\">\n\t\t\n\t\t<figure class=\"wpb_wrapper vc_figure\">\n\t\t\t<div class=\"vc_single_image-wrapper   vc_box_border_grey\"><img width=\"688\" height=\"871\" src=\"https:\/\/sestudio.me\/wp-content\/uploads\/2026\/03\/1.png\" class=\"vc_single_image-img attachment-large\" alt=\"\" loading=\"lazy\" srcset=\"https:\/\/sestudio.me\/wp-content\/uploads\/2026\/03\/1.png 688w, https:\/\/sestudio.me\/wp-content\/uploads\/2026\/03\/1-553x700.png 553w\" sizes=\"(max-width: 688px) 100vw, 688px\" \/><\/div>\n\t\t<\/figure>\n\t<\/div>\n\n\t<div class=\"wpb_text_column wpb_content_element \" >\n\t\t<div class=\"wpb_wrapper\">\n\t\t\t<p style=\"text-align: center;\"><strong>Maria S\u00e1nchez Foz<br \/>\n<\/strong><span style=\"font-weight: 400;\">interiorista \u00a0| \u00a0jefe de obra<\/span><\/p>\n<p><br style=\"font-weight: 400;\" \/><br style=\"font-weight: 400;\" \/><\/p>\n\n\t\t<\/div>\n\t<\/div>\n<\/div><\/div><\/div><div class=\"wpb_column vc_column_container vc_col-sm-3\"><div class=\"vc_column-inner\"><div class=\"wpb_wrapper\">\n\t<div  class=\"wpb_single_image wpb_content_element vc_align_left\">\n\t\t\n\t\t<figure class=\"wpb_wrapper vc_figure\">\n\t\t\t<div class=\"vc_single_image-wrapper   vc_box_border_grey\"><img width=\"688\" height=\"871\" src=\"https:\/\/sestudio.me\/wp-content\/uploads\/2026\/03\/3.png\" class=\"vc_single_image-img attachment-large\" alt=\"\" loading=\"lazy\" srcset=\"https:\/\/sestudio.me\/wp-content\/uploads\/2026\/03\/3.png 688w, https:\/\/sestudio.me\/wp-content\/uploads\/2026\/03\/3-553x700.png 553w\" sizes=\"(max-width: 688px) 100vw, 688px\" \/><\/div>\n\t\t<\/figure>\n\t<\/div>\n\n\t<div class=\"wpb_text_column wpb_content_element \" >\n\t\t<div class=\"wpb_wrapper\">\n\t\t\t<p style=\"text-align: center;\"><span style=\"font-weight: 400;\"><strong>Alexandra Komarova<\/strong><br \/>\n<\/span><span style=\"font-weight: 400;\">interiorista \u00a0| \u00a0encargado de compras<\/span><\/p>\n<p><br style=\"font-weight: 400;\" \/><br style=\"font-weight: 400;\" \/><\/p>\n\n\t\t<\/div>\n\t<\/div>\n<\/div><\/div><\/div><div class=\"wpb_column vc_column_container vc_col-sm-3\"><div class=\"vc_column-inner\"><div class=\"wpb_wrapper\">\n\t<div  class=\"wpb_single_image wpb_content_element vc_align_left\">\n\t\t\n\t\t<figure class=\"wpb_wrapper vc_figure\">\n\t\t\t<div class=\"vc_single_image-wrapper   vc_box_border_grey\"><img width=\"688\" height=\"871\" src=\"https:\/\/sestudio.me\/wp-content\/uploads\/2026\/03\/4-1.png\" class=\"vc_single_image-img attachment-large\" alt=\"\" loading=\"lazy\" srcset=\"https:\/\/sestudio.me\/wp-content\/uploads\/2026\/03\/4-1.png 688w, https:\/\/sestudio.me\/wp-content\/uploads\/2026\/03\/4-1-553x700.png 553w\" sizes=\"(max-width: 688px) 100vw, 688px\" \/><\/div>\n\t\t<\/figure>\n\t<\/div>\n\n\t<div class=\"wpb_text_column wpb_content_element \" >\n\t\t<div class=\"wpb_wrapper\">\n\t\t\t<p style=\"text-align: center;\"><span style=\"font-weight: 400;\"><strong>Svetlana Matviichuk<\/strong><br \/>\n<\/span><span style=\"font-weight: 400;\">interiorista<\/span><\/p>\n<p><br style=\"font-weight: 400;\" \/><br style=\"font-weight: 400;\" \/><\/p>\n\n\t\t<\/div>\n\t<\/div>\n<\/div><\/div><\/div><\/div><div class=\"vc_empty_space\"   style=\"height: 30px\"><span class=\"vc_empty_space_inner\"><\/span><\/div><\/div><\/div><\/div><\/div><\/p>","protected":false},"excerpt":{"rendered":"Somos un estudio boutique de dise\u00f1o de interiores de alta gama con experiencia internacional y una dedicaci\u00f3n plenamente personalizada en cada proyecto. Con Barcelona como punto de encuentro y con trayectorias que nos han llevado a destinos tan diversos como Mosc\u00fa decidimos dar nombre a nuestras colaboraciones internacionales. As\u00ed naci\u00f3 se.studio, como una evoluci\u00f3n natural [...]","protected":false},"author":1,"featured_media":0,"parent":0,"menu_order":0,"comment_status":"closed","ping_status":"closed","template":"","meta":[],"yoast_head":"<!-- This site is optimized with the Yoast SEO plugin v15.7 - https:\/\/yoast.com\/wordpress\/plugins\/seo\/ -->\n<title>Sobre se.studio | Estudio de dise\u00f1o de interiores en Barcelona<\/title>\n<meta name=\"description\" content=\"Conoce se.studio, un estudio de dise\u00f1o de interiores en Barcelona enfocado en crear espacios con identidad, funcionalidad y atenci\u00f3n al detalle.\" \/>\n<meta name=\"robots\" content=\"index, follow, max-snippet:-1, max-image-preview:large, max-video-preview:-1\" \/>\n<link rel=\"canonical\" href=\"https:\/\/sestudio.me\/about\/\" \/>\n<meta property=\"og:locale\" content=\"es_ES\" \/>\n<meta property=\"og:type\" content=\"article\" \/>\n<meta property=\"og:title\" content=\"[:en]About se.studio | Interior Design Studio in Barcelona[:es]Sobre se.studio | Estudio de dise\u00f1o de interiores en Barcelona[:ru]\u041e se.studio | \u0421\u0442\u0443\u0434\u0438\u044f \u0434\u0438\u0437\u0430\u0439\u043d\u0430 \u0438\u043d\u0442\u0435\u0440\u044c\u0435\u0440\u0430 \u0432 \u0411\u0430\u0440\u0441\u0435\u043b\u043e\u043d\u0435[:]\" \/>\n<meta property=\"og:description\" content=\"{:en}Discover se.studio, an interior design studio in Barcelona focused on creating spaces with identity, functionality and attention to detail.{:es}Conoce se.studio, un estudio de dise\u00f1o de interiores en Barcelona enfocado en crear espacios con identidad, funcionalidad y atenci\u00f3n al detalle.{:ru}\u041f\u043e\u0437\u043d\u0430\u043a\u043e\u043c\u044c\u0442\u0435\u0441\u044c \u0441 se.studio \u2014 \u0441\u0442\u0443\u0434\u0438\u0435\u0439 \u0434\u0438\u0437\u0430\u0439\u043d\u0430 \u0438\u043d\u0442\u0435\u0440\u044c\u0435\u0440\u0430 \u0432 \u0411\u0430\u0440\u0441\u0435\u043b\u043e\u043d\u0435, \u0441\u043e\u0437\u0434\u0430\u044e\u0449\u0435\u0439 \u043f\u0440\u043e\u0441\u0442\u0440\u0430\u043d\u0441\u0442\u0432\u0430 \u0441 \u0445\u0430\u0440\u0430\u043a\u0442\u0435\u0440\u043e\u043c, \u0444\u0443\u043d\u043a\u0446\u0438\u043e\u043d\u0430\u043b\u044c\u043d\u043e\u0441\u0442\u044c\u044e \u0438 \u0432\u043d\u0438\u043c\u0430\u043d\u0438\u0435\u043c \u043a \u0434\u0435\u0442\u0430\u043b\u044f\u043c.{:}\" \/>\n<meta property=\"og:url\" content=\"https:\/\/sestudio.me\/about\/\" \/>\n<meta property=\"og:site_name\" content=\"se.studio\" \/>\n<meta property=\"article:modified_time\" content=\"2026-03-24T16:10:02+00:00\" \/>\n<meta name=\"twitter:card\" content=\"summary_large_image\" \/>\n<meta name=\"twitter:label1\" content=\"Tiempo de lectura\">\n\t<meta name=\"twitter:data1\" content=\"1 minuto\">\n<script type=\"application\/ld+json\" class=\"yoast-schema-graph\">{\"@context\":\"https:\/\/schema.org\",\"@graph\":[{\"@type\":\"WebSite\",\"@id\":\"https:\/\/sestudio.me\/#website\",\"url\":\"https:\/\/sestudio.me\/\",\"name\":\"se.studio\",\"description\":\"Estudio de dise\\u00f1o de interiores en Barcelona\",\"potentialAction\":[{\"@type\":\"SearchAction\",\"target\":\"https:\/\/sestudio.me\/?s={search_term_string}\",\"query-input\":\"required name=search_term_string\"}],\"inLanguage\":\"es\"},{\"@type\":\"WebPage\",\"@id\":\"https:\/\/sestudio.me\/about\/#webpage\",\"url\":\"https:\/\/sestudio.me\/about\/\",\"name\":\"[:en]About se.studio | Interior Design Studio in Barcelona[:es]Sobre se.studio | Estudio de dise\\u00f1o de interiores en Barcelona[:ru]\\u041e se.studio | \\u0421\\u0442\\u0443\\u0434\\u0438\\u044f \\u0434\\u0438\\u0437\\u0430\\u0439\\u043d\\u0430 \\u0438\\u043d\\u0442\\u0435\\u0440\\u044c\\u0435\\u0440\\u0430 \\u0432 \\u0411\\u0430\\u0440\\u0441\\u0435\\u043b\\u043e\\u043d\\u0435[:]\",\"isPartOf\":{\"@id\":\"https:\/\/sestudio.me\/#website\"},\"datePublished\":\"2020-10-24T17:00:30+00:00\",\"dateModified\":\"2026-03-24T16:10:02+00:00\",\"description\":\"{:en}Discover se.studio, an interior design studio in Barcelona focused on creating spaces with identity, functionality and attention to detail.{:es}Conoce se.studio, un estudio de dise\\u00f1o de interiores en Barcelona enfocado en crear espacios con identidad, funcionalidad y atenci\\u00f3n al detalle.{:ru}\\u041f\\u043e\\u0437\\u043d\\u0430\\u043a\\u043e\\u043c\\u044c\\u0442\\u0435\\u0441\\u044c \\u0441 se.studio \\u2014 \\u0441\\u0442\\u0443\\u0434\\u0438\\u0435\\u0439 \\u0434\\u0438\\u0437\\u0430\\u0439\\u043d\\u0430 \\u0438\\u043d\\u0442\\u0435\\u0440\\u044c\\u0435\\u0440\\u0430 \\u0432 \\u0411\\u0430\\u0440\\u0441\\u0435\\u043b\\u043e\\u043d\\u0435, \\u0441\\u043e\\u0437\\u0434\\u0430\\u044e\\u0449\\u0435\\u0439 \\u043f\\u0440\\u043e\\u0441\\u0442\\u0440\\u0430\\u043d\\u0441\\u0442\\u0432\\u0430 \\u0441 \\u0445\\u0430\\u0440\\u0430\\u043a\\u0442\\u0435\\u0440\\u043e\\u043c, \\u0444\\u0443\\u043d\\u043a\\u0446\\u0438\\u043e\\u043d\\u0430\\u043b\\u044c\\u043d\\u043e\\u0441\\u0442\\u044c\\u044e \\u0438 \\u0432\\u043d\\u0438\\u043c\\u0430\\u043d\\u0438\\u0435\\u043c \\u043a \\u0434\\u0435\\u0442\\u0430\\u043b\\u044f\\u043c.{:}\",\"inLanguage\":\"es\",\"potentialAction\":[{\"@type\":\"ReadAction\",\"target\":[\"https:\/\/sestudio.me\/about\/\"]}]}]}<\/script>\n<!-- \/ Yoast SEO plugin. -->","_links":{"self":[{"href":"https:\/\/sestudio.me\/es\/wp-json\/wp\/v2\/pages\/14"}],"collection":[{"href":"https:\/\/sestudio.me\/es\/wp-json\/wp\/v2\/pages"}],"about":[{"href":"https:\/\/sestudio.me\/es\/wp-json\/wp\/v2\/types\/page"}],"author":[{"embeddable":true,"href":"https:\/\/sestudio.me\/es\/wp-json\/wp\/v2\/users\/1"}],"replies":[{"embeddable":true,"href":"https:\/\/sestudio.me\/es\/wp-json\/wp\/v2\/comments?post=14"}],"version-history":[{"count":56,"href":"https:\/\/sestudio.me\/es\/wp-json\/wp\/v2\/pages\/14\/revisions"}],"predecessor-version":[{"id":906,"href":"https:\/\/sestudio.me\/es\/wp-json\/wp\/v2\/pages\/14\/revisions\/906"}],"wp:attachment":[{"href":"https:\/\/sestudio.me\/es\/wp-json\/wp\/v2\/media?parent=14"}],"curies":[{"name":"wp","href":"https:\/\/api.w.org\/{rel}","templated":true}]}}