{"id":15,"date":"2020-10-25T20:16:46","date_gmt":"2020-10-25T17:16:46","guid":{"rendered":"http:\/\/clapat.ro\/themes\/satelite-wordpress\/?page_id=15"},"modified":"2026-03-24T17:15:57","modified_gmt":"2026-03-24T16:15:57","slug":"contact","status":"publish","type":"page","link":"https:\/\/sestudio.me\/es\/contact\/","title":{"rendered":"Contacto"},"content":{"rendered":"<p><div class=\"vc_row wpb_row vc_row-fluid\"><div class=\"wpb_column vc_column_container vc_col-sm-4\"><div class=\"vc_column-inner\"><div class=\"wpb_wrapper\">\n\t<div class=\"wpb_text_column wpb_content_element \" >\n\t\t<div class=\"wpb_wrapper\">\n\t\t\t<div class=\"clapat-icon \"><i class=\"fa fa fa-paper-plane fa-2x fa-2x\" aria-hidden=\"true\"><\/i><\/div><h6><\/h6><p>Email: info@sestudio.me <\/p>\n<div class=\"clapat-icon \"><i class=\"fa fa fa-whatsapp fa-2x fa-2x\" aria-hidden=\"true\"><\/i><\/div><h6><\/h6><p>WhatsApp: +34 653 192 724<\/p>\n<div class=\"clapat-icon \"><i class=\"fa fa fa-map-marker fa-2x fa-2x\" aria-hidden=\"true\"><\/i><\/div><h6><\/h6><p>Direcci\u00f3n: Carrer del Camp d'en Vidal, 11, Sarri\u00e0-Sant Gervasi, 08021 Barcelona<\/p>\n\n\t\t<\/div>\n\t<\/div>\n<\/div><\/div><\/div><div class=\"wpb_column vc_column_container vc_col-sm-8\"><div class=\"vc_column-inner\"><div class=\"wpb_wrapper\"><div class=\"wpb_gmaps_widget wpb_content_element\"><div class=\"wpb_wrapper\"><div class=\"wpb_map_wraper\"><iframe src=\"https:\/\/www.google.com\/maps\/embed?pb=!1m18!1m12!1m3!1d2992.909832099932!2d2.146746!3d41.3977645!2m3!1f0!2f0!3f0!3m2!1i1024!2i768!4f13.1!3m3!1m2!1s0x12a4a300496173cd%3A0xa9ca67293f46fa47!2sse.studio!5e0!3m2!1sen!2ses!4v1773222756259!5m2!1sen!2ses\" width=\"600\" height=\"450\" style=\"border:0;\" allowfullscreen=\"\" loading=\"lazy\" referrerpolicy=\"no-referrer-when-downgrade\"><\/iframe><\/div><\/div><\/div><\/div><\/div><\/div><\/div><\/p>","protected":false},"excerpt":{"rendered":"Email: info@sestudio.me WhatsApp: +34 653 192 724 Direcci\u00f3n: Carrer del Camp d'en Vidal, 11, Sarri\u00e0-Sant Gervasi, 08021 Barcelona","protected":false},"author":1,"featured_media":0,"parent":0,"menu_order":0,"comment_status":"closed","ping_status":"closed","template":"","meta":{"footnotes":""},"class_list":["post-15","page","type-page","status-publish","hentry"],"yoast_head":"<!-- This site is optimized with the Yoast SEO plugin v15.7 - https:\/\/yoast.com\/wordpress\/plugins\/seo\/ -->\n<title>Contacto | Estudio de interiores en Barcelona | se.studio<\/title>\n<meta name=\"description\" content=\"Ponte en contacto con se.studio para hablar sobre tu proyecto de dise\u00f1o de interiores en Barcelona y solicitar m\u00e1s informaci\u00f3n.\" \/>\n<meta name=\"robots\" content=\"index, follow, max-snippet:-1, max-image-preview:large, max-video-preview:-1\" \/>\n<link rel=\"canonical\" href=\"https:\/\/sestudio.me\/contact\/\" \/>\n<meta property=\"og:locale\" content=\"es_ES\" \/>\n<meta property=\"og:type\" content=\"article\" \/>\n<meta property=\"og:title\" content=\"[:en]Contact | Interior Design Studio in Barcelona | se.studio[:es]Contacto | Estudio de interiores en Barcelona | se.studio[:ru]\u041a\u043e\u043d\u0442\u0430\u043a\u0442\u044b | \u0421\u0442\u0443\u0434\u0438\u044f \u0434\u0438\u0437\u0430\u0439\u043d\u0430 \u0438\u043d\u0442\u0435\u0440\u044c\u0435\u0440\u0430 \u0432 \u0411\u0430\u0440\u0441\u0435\u043b\u043e\u043d\u0435 | se.studio[:]\" \/>\n<meta property=\"og:description\" content=\"{:en}Contact se.studio to discuss your interior design project in Barcelona and request more information about our services.{:es}Ponte en contacto con se.studio para hablar sobre tu proyecto de dise\u00f1o de interiores en Barcelona y solicitar m\u00e1s informaci\u00f3n.{:ru}\u0421\u0432\u044f\u0436\u0438\u0442\u0435\u0441\u044c \u0441 se.studio, \u0447\u0442\u043e\u0431\u044b \u043e\u0431\u0441\u0443\u0434\u0438\u0442\u044c \u0432\u0430\u0448 \u043f\u0440\u043e\u0435\u043a\u0442 \u0434\u0438\u0437\u0430\u0439\u043d\u0430 \u0438\u043d\u0442\u0435\u0440\u044c\u0435\u0440\u0430 \u0432 \u0411\u0430\u0440\u0441\u0435\u043b\u043e\u043d\u0435 \u0438 \u043f\u043e\u043b\u0443\u0447\u0438\u0442\u044c \u043f\u043e\u0434\u0440\u043e\u0431\u043d\u0443\u044e \u0438\u043d\u0444\u043e\u0440\u043c\u0430\u0446\u0438\u044e \u043e\u0431 \u0443\u0441\u043b\u0443\u0433\u0430\u0445.{:}\" \/>\n<meta property=\"og:url\" content=\"https:\/\/sestudio.me\/contact\/\" \/>\n<meta property=\"og:site_name\" content=\"se.studio\" \/>\n<meta property=\"article:modified_time\" content=\"2026-03-24T16:15:57+00:00\" \/>\n<meta name=\"twitter:card\" content=\"summary_large_image\" \/>\n<meta name=\"twitter:label1\" content=\"Tiempo de lectura\">\n\t<meta name=\"twitter:data1\" content=\"1 minuto\">\n<script type=\"application\/ld+json\" class=\"yoast-schema-graph\">{\"@context\":\"https:\/\/schema.org\",\"@graph\":[{\"@type\":\"WebSite\",\"@id\":\"https:\/\/sestudio.me\/#website\",\"url\":\"https:\/\/sestudio.me\/\",\"name\":\"se.studio\",\"description\":\"Estudio de dise\\u00f1o de interiores en Barcelona\",\"potentialAction\":[{\"@type\":\"SearchAction\",\"target\":\"https:\/\/sestudio.me\/?s={search_term_string}\",\"query-input\":\"required name=search_term_string\"}],\"inLanguage\":\"es\"},{\"@type\":\"WebPage\",\"@id\":\"https:\/\/sestudio.me\/contact\/#webpage\",\"url\":\"https:\/\/sestudio.me\/contact\/\",\"name\":\"[:en]Contact | Interior Design Studio in Barcelona | se.studio[:es]Contacto | Estudio de interiores en Barcelona | se.studio[:ru]\\u041a\\u043e\\u043d\\u0442\\u0430\\u043a\\u0442\\u044b | \\u0421\\u0442\\u0443\\u0434\\u0438\\u044f \\u0434\\u0438\\u0437\\u0430\\u0439\\u043d\\u0430 \\u0438\\u043d\\u0442\\u0435\\u0440\\u044c\\u0435\\u0440\\u0430 \\u0432 \\u0411\\u0430\\u0440\\u0441\\u0435\\u043b\\u043e\\u043d\\u0435 | se.studio[:]\",\"isPartOf\":{\"@id\":\"https:\/\/sestudio.me\/#website\"},\"datePublished\":\"2020-10-25T17:16:46+00:00\",\"dateModified\":\"2026-03-24T16:15:57+00:00\",\"description\":\"{:en}Contact se.studio to discuss your interior design project in Barcelona and request more information about our services.{:es}Ponte en contacto con se.studio para hablar sobre tu proyecto de dise\\u00f1o de interiores en Barcelona y solicitar m\\u00e1s informaci\\u00f3n.{:ru}\\u0421\\u0432\\u044f\\u0436\\u0438\\u0442\\u0435\\u0441\\u044c \\u0441 se.studio, \\u0447\\u0442\\u043e\\u0431\\u044b \\u043e\\u0431\\u0441\\u0443\\u0434\\u0438\\u0442\\u044c \\u0432\\u0430\\u0448 \\u043f\\u0440\\u043e\\u0435\\u043a\\u0442 \\u0434\\u0438\\u0437\\u0430\\u0439\\u043d\\u0430 \\u0438\\u043d\\u0442\\u0435\\u0440\\u044c\\u0435\\u0440\\u0430 \\u0432 \\u0411\\u0430\\u0440\\u0441\\u0435\\u043b\\u043e\\u043d\\u0435 \\u0438 \\u043f\\u043e\\u043b\\u0443\\u0447\\u0438\\u0442\\u044c \\u043f\\u043e\\u0434\\u0440\\u043e\\u0431\\u043d\\u0443\\u044e \\u0438\\u043d\\u0444\\u043e\\u0440\\u043c\\u0430\\u0446\\u0438\\u044e \\u043e\\u0431 \\u0443\\u0441\\u043b\\u0443\\u0433\\u0430\\u0445.{:}\",\"inLanguage\":\"es\",\"potentialAction\":[{\"@type\":\"ReadAction\",\"target\":[\"https:\/\/sestudio.me\/contact\/\"]}]}]}<\/script>\n<!-- \/ Yoast SEO plugin. -->","_links":{"self":[{"href":"https:\/\/sestudio.me\/es\/wp-json\/wp\/v2\/pages\/15","targetHints":{"allow":["GET"]}}],"collection":[{"href":"https:\/\/sestudio.me\/es\/wp-json\/wp\/v2\/pages"}],"about":[{"href":"https:\/\/sestudio.me\/es\/wp-json\/wp\/v2\/types\/page"}],"author":[{"embeddable":true,"href":"https:\/\/sestudio.me\/es\/wp-json\/wp\/v2\/users\/1"}],"replies":[{"embeddable":true,"href":"https:\/\/sestudio.me\/es\/wp-json\/wp\/v2\/comments?post=15"}],"version-history":[{"count":18,"href":"https:\/\/sestudio.me\/es\/wp-json\/wp\/v2\/pages\/15\/revisions"}],"predecessor-version":[{"id":910,"href":"https:\/\/sestudio.me\/es\/wp-json\/wp\/v2\/pages\/15\/revisions\/910"}],"wp:attachment":[{"href":"https:\/\/sestudio.me\/es\/wp-json\/wp\/v2\/media?parent=15"}],"curies":[{"name":"wp","href":"https:\/\/api.w.org\/{rel}","templated":true}]}}