{"id":263,"date":"2020-10-26T11:58:10","date_gmt":"2020-10-26T08:58:10","guid":{"rendered":"http:\/\/clapat.ro\/themes\/satelite-wordpress\/?page_id=2"},"modified":"2026-03-24T17:13:34","modified_gmt":"2026-03-24T16:13:34","slug":"services","status":"publish","type":"page","link":"https:\/\/sestudio.me\/es\/services\/","title":{"rendered":"Servicios"},"content":{"rendered":"<p><div class=\"vc_row wpb_row vc_row-fluid\"><div class=\"wpb_column vc_column_container vc_col-sm-12\"><div class=\"vc_column-inner\"><div class=\"wpb_wrapper\">\n\t<div class=\"wpb_text_column wpb_content_element \" >\n\t\t<div class=\"wpb_wrapper\">\n\t\t\t<p><span style=\"font-weight: 400;\">Creamos interiores exclusivos que transforman tu espacio.\u00a0 En nuestro estudio dise\u00f1amos proyectos de interiorismo de alta gama totalmente a medida, pensados para clientes que buscan una experiencia de dise\u00f1o personalizada, elegante y sin estr\u00e9s. Desde la primera idea hasta la entrega final, cada fase est\u00e1 cuidadosamente coordinada por nuestro equipo de expertos.Comprendemos tus necesidades, te acompa\u00f1amos en cada decisi\u00f3n y adaptamos nuestro proceso para que tu visi\u00f3n se materialice con elegancia y precisi\u00f3n.\u00a0<\/span><\/p>\n<p><span style=\"font-weight: 400;\">Nuestro enfoque:<\/span><span style=\"font-weight: 400;\"><br \/>\n<\/span><span style=\"font-weight: 400;\">&#8211; Concepto creativo \u00fanico: Partimos de una comprensi\u00f3n profunda de tu estilo de vida, tus aspiraciones y el uso que har\u00e1s de tu espacio.<\/span><span style=\"font-weight: 400;\"><br \/>\n<\/span><span style=\"font-weight: 400;\">&#8211; Visualizaciones fotorrealistas: Renders que anticipan con precisi\u00f3n c\u00f3mo ser\u00e1 el resultado final, para que puedas visualizarlo incluso antes de empezar la obra.<\/span><span style=\"font-weight: 400;\"><br \/>\n<\/span><span style=\"font-weight: 400;\">&#8211; Planos ejecutivos detallados: Planificaci\u00f3n t\u00e9cnica impecable que facilita la construcci\u00f3n y garantiza un resultado final perfecto.<\/span><span style=\"font-weight: 400;\"><br \/>\n<\/span><span style=\"font-weight: 400;\">&#8211;\u00a0 Gesti\u00f3n integral del proyecto: Ajuste de presupuestos, coordinaci\u00f3n de equipos y supervisi\u00f3n de obra continua<\/span><\/p>\n<p><span style=\"font-weight: 400;\">Adem\u00e1s seleccionamos y suministramos materiales, mobiliario y elementos de decoraci\u00f3n exclusivos, trabajamos con\u00a0 marcas de mobiliario y iluminaci\u00f3n artesanos especializados que elevan cada detalle del dise\u00f1o.<\/span><\/p>\n\n\t\t<\/div>\n\t<\/div>\n<\/div><\/div><\/div><\/div><div class=\"vc_row wpb_row vc_row-fluid\"><div class=\"wpb_column vc_column_container vc_col-sm-1\/5\"><div class=\"vc_column-inner\"><div class=\"wpb_wrapper\">\n\t<div  class=\"wpb_single_image wpb_content_element vc_align_left\">\n\t\t\n\t\t<figure class=\"wpb_wrapper vc_figure\">\n\t\t\t<div class=\"vc_single_image-wrapper   vc_box_border_grey\"><img loading=\"lazy\" decoding=\"async\" width=\"225\" height=\"225\" src=\"https:\/\/sestudio.me\/wp-content\/uploads\/2026\/02\/images.png\" class=\"vc_single_image-img attachment-thumbnail\" alt=\"\" \/><\/div>\n\t\t<\/figure>\n\t<\/div>\n<\/div><\/div><\/div><div class=\"wpb_column vc_column_container vc_col-sm-1\/5\"><div class=\"vc_column-inner\"><div class=\"wpb_wrapper\">\n\t<div  class=\"wpb_single_image wpb_content_element vc_align_left\">\n\t\t\n\t\t<figure class=\"wpb_wrapper vc_figure\">\n\t\t\t<div class=\"vc_single_image-wrapper   vc_box_border_grey\"><img loading=\"lazy\" decoding=\"async\" width=\"225\" height=\"225\" src=\"https:\/\/sestudio.me\/wp-content\/uploads\/2026\/02\/images-2.png\" class=\"vc_single_image-img attachment-medium\" alt=\"\" \/><\/div>\n\t\t<\/figure>\n\t<\/div>\n<\/div><\/div><\/div><div class=\"wpb_column vc_column_container vc_col-sm-1\/5\"><div class=\"vc_column-inner\"><div class=\"wpb_wrapper\">\n\t<div  class=\"wpb_single_image wpb_content_element vc_align_left\">\n\t\t\n\t\t<figure class=\"wpb_wrapper vc_figure\">\n\t\t\t<div class=\"vc_single_image-wrapper   vc_box_border_grey\"><img loading=\"lazy\" decoding=\"async\" width=\"225\" height=\"225\" src=\"https:\/\/sestudio.me\/wp-content\/uploads\/2026\/02\/images-1.png\" class=\"vc_single_image-img attachment-thumbnail\" alt=\"\" \/><\/div>\n\t\t<\/figure>\n\t<\/div>\n<\/div><\/div><\/div><div class=\"wpb_column vc_column_container vc_col-sm-1\/5\"><div class=\"vc_column-inner\"><div class=\"wpb_wrapper\">\n\t<div  class=\"wpb_single_image wpb_content_element vc_align_left\">\n\t\t\n\t\t<figure class=\"wpb_wrapper vc_figure\">\n\t\t\t<div class=\"vc_single_image-wrapper   vc_box_border_grey\"><img loading=\"lazy\" decoding=\"async\" width=\"300\" height=\"300\" src=\"https:\/\/sestudio.me\/wp-content\/uploads\/2026\/02\/kristina-dam-studio-logo-gessato-300x300.png\" class=\"vc_single_image-img attachment-thumbnail\" alt=\"\" srcset=\"https:\/\/sestudio.me\/wp-content\/uploads\/2026\/02\/kristina-dam-studio-logo-gessato-300x300.png 300w, https:\/\/sestudio.me\/wp-content\/uploads\/2026\/02\/kristina-dam-studio-logo-gessato.png 400w\" sizes=\"auto, (max-width: 300px) 100vw, 300px\" \/><\/div>\n\t\t<\/figure>\n\t<\/div>\n<\/div><\/div><\/div><div class=\"wpb_column vc_column_container vc_col-sm-1\/5\"><div class=\"vc_column-inner\"><div class=\"wpb_wrapper\">\n\t<div  class=\"wpb_single_image wpb_content_element vc_align_left\">\n\t\t\n\t\t<figure class=\"wpb_wrapper vc_figure\">\n\t\t\t<div class=\"vc_single_image-wrapper   vc_box_border_grey\"><img loading=\"lazy\" decoding=\"async\" width=\"225\" height=\"225\" src=\"https:\/\/sestudio.me\/wp-content\/uploads\/2026\/02\/images-4.png\" class=\"vc_single_image-img attachment-medium\" alt=\"\" \/><\/div>\n\t\t<\/figure>\n\t<\/div>\n<\/div><\/div><\/div><\/div><div class=\"vc_row wpb_row vc_row-fluid\"><div class=\"wpb_column vc_column_container vc_col-sm-1\/5\"><div class=\"vc_column-inner\"><div class=\"wpb_wrapper\">\n\t<div  class=\"wpb_single_image wpb_content_element vc_align_left\">\n\t\t\n\t\t<figure class=\"wpb_wrapper vc_figure\">\n\t\t\t<div class=\"vc_single_image-wrapper   vc_box_border_grey\"><img loading=\"lazy\" decoding=\"async\" width=\"561\" height=\"230\" src=\"https:\/\/sestudio.me\/wp-content\/uploads\/2026\/02\/tapwell_logo.png\" class=\"vc_single_image-img attachment-medium\" alt=\"\" \/><\/div>\n\t\t<\/figure>\n\t<\/div>\n<\/div><\/div><\/div><div class=\"wpb_column vc_column_container vc_col-sm-1\/5\"><div class=\"vc_column-inner\"><div class=\"wpb_wrapper\">\n\t<div  class=\"wpb_single_image wpb_content_element vc_align_left\">\n\t\t\n\t\t<figure class=\"wpb_wrapper vc_figure\">\n\t\t\t<div class=\"vc_single_image-wrapper   vc_box_border_grey\"><img loading=\"lazy\" decoding=\"async\" width=\"561\" height=\"230\" src=\"https:\/\/sestudio.me\/wp-content\/uploads\/2026\/02\/muto_logo.png\" class=\"vc_single_image-img attachment-medium\" alt=\"\" \/><\/div>\n\t\t<\/figure>\n\t<\/div>\n<\/div><\/div><\/div><div class=\"wpb_column vc_column_container vc_col-sm-1\/5\"><div class=\"vc_column-inner\"><div class=\"wpb_wrapper\">\n\t<div  class=\"wpb_single_image wpb_content_element vc_align_left\">\n\t\t\n\t\t<figure class=\"wpb_wrapper vc_figure\">\n\t\t\t<div class=\"vc_single_image-wrapper   vc_box_border_grey\"><img loading=\"lazy\" decoding=\"async\" width=\"225\" height=\"225\" src=\"https:\/\/sestudio.me\/wp-content\/uploads\/2026\/02\/f_logo.png\" class=\"vc_single_image-img attachment-thumbnail\" alt=\"\" \/><\/div>\n\t\t<\/figure>\n\t<\/div>\n<\/div><\/div><\/div><div class=\"wpb_column vc_column_container vc_col-sm-1\/5\"><div class=\"vc_column-inner\"><div class=\"wpb_wrapper\">\n\t<div  class=\"wpb_single_image wpb_content_element vc_align_left\">\n\t\t\n\t\t<figure class=\"wpb_wrapper vc_figure\">\n\t\t\t<div class=\"vc_single_image-wrapper   vc_box_border_grey\"><img loading=\"lazy\" decoding=\"async\" width=\"225\" height=\"225\" src=\"https:\/\/sestudio.me\/wp-content\/uploads\/2026\/02\/hrm_logo.png\" class=\"vc_single_image-img attachment-thumbnail\" alt=\"\" \/><\/div>\n\t\t<\/figure>\n\t<\/div>\n<\/div><\/div><\/div><div class=\"wpb_column vc_column_container vc_col-sm-1\/5\"><div class=\"vc_column-inner\"><div class=\"wpb_wrapper\">\n\t<div  class=\"wpb_single_image wpb_content_element vc_align_left\">\n\t\t\n\t\t<figure class=\"wpb_wrapper vc_figure\">\n\t\t\t<div class=\"vc_single_image-wrapper   vc_box_border_grey\"><img loading=\"lazy\" decoding=\"async\" width=\"561\" height=\"230\" src=\"https:\/\/sestudio.me\/wp-content\/uploads\/2026\/02\/tradition_logo.png\" class=\"vc_single_image-img attachment-medium\" alt=\"\" \/><\/div>\n\t\t<\/figure>\n\t<\/div>\n<\/div><\/div><\/div><\/div><\/p>","protected":false},"excerpt":{"rendered":"Creamos interiores exclusivos que transforman tu espacio.\u00a0 En nuestro estudio dise\u00f1amos proyectos de interiorismo de alta gama totalmente a medida, pensados para clientes que buscan una experiencia de dise\u00f1o personalizada, elegante y sin estr\u00e9s. Desde la primera idea hasta la entrega final, cada fase est\u00e1 cuidadosamente coordinada por nuestro equipo de expertos.Comprendemos tus necesidades, te [...]","protected":false},"author":1,"featured_media":0,"parent":0,"menu_order":0,"comment_status":"closed","ping_status":"open","template":"","meta":{"footnotes":""},"class_list":["post-263","page","type-page","status-publish","hentry"],"yoast_head":"<!-- This site is optimized with the Yoast SEO plugin v15.7 - https:\/\/yoast.com\/wordpress\/plugins\/seo\/ -->\n<title>Servicios de dise\u00f1o de interiores en Barcelona | se.studio<\/title>\n<meta name=\"description\" content=\"Servicios de dise\u00f1o de interiores en Barcelona para viviendas, oficinas y espacios comerciales. Proyectos personalizados desde la idea hasta la realizaci\u00f3n.\" \/>\n<meta name=\"robots\" content=\"index, follow, max-snippet:-1, max-image-preview:large, max-video-preview:-1\" \/>\n<link rel=\"canonical\" href=\"https:\/\/sestudio.me\/services\/\" \/>\n<meta property=\"og:locale\" content=\"es_ES\" \/>\n<meta property=\"og:type\" content=\"article\" \/>\n<meta property=\"og:title\" content=\"[:en]Interior Design Services in Barcelona | se.studio[:es]Servicios de dise\u00f1o de interiores en Barcelona | se.studio[:ru]\u0423\u0441\u043b\u0443\u0433\u0438 \u0434\u0438\u0437\u0430\u0439\u043d\u0430 \u0438\u043d\u0442\u0435\u0440\u044c\u0435\u0440\u0430 \u0432 \u0411\u0430\u0440\u0441\u0435\u043b\u043e\u043d\u0435 | se.studio[:]\" \/>\n<meta property=\"og:description\" content=\"{:en}Interior design services in Barcelona for homes, offices and commercial spaces. Tailored projects from concept development to final execution.{:es}Servicios de dise\u00f1o de interiores en Barcelona para viviendas, oficinas y espacios comerciales. Proyectos personalizados desde la idea hasta la realizaci\u00f3n.{:ru} \u0423\u0441\u043b\u0443\u0433\u0438 \u0434\u0438\u0437\u0430\u0439\u043d\u0430 \u0438\u043d\u0442\u0435\u0440\u044c\u0435\u0440\u0430 \u0432 \u0411\u0430\u0440\u0441\u0435\u043b\u043e\u043d\u0435 \u0434\u043b\u044f \u043a\u0432\u0430\u0440\u0442\u0438\u0440, \u0434\u043e\u043c\u043e\u0432, \u043e\u0444\u0438\u0441\u043e\u0432 \u0438 \u043a\u043e\u043c\u043c\u0435\u0440\u0447\u0435\u0441\u043a\u0438\u0445 \u043f\u0440\u043e\u0441\u0442\u0440\u0430\u043d\u0441\u0442\u0432. \u0418\u043d\u0434\u0438\u0432\u0438\u0434\u0443\u0430\u043b\u044c\u043d\u044b\u0435 \u043f\u0440\u043e\u0435\u043a\u0442\u044b \u043e\u0442 \u043a\u043e\u043d\u0446\u0435\u043f\u0446\u0438\u0438 \u0434\u043e \u0440\u0435\u0430\u043b\u0438\u0437\u0430\u0446\u0438\u0438.{:}\" \/>\n<meta property=\"og:url\" content=\"https:\/\/sestudio.me\/services\/\" \/>\n<meta property=\"og:site_name\" content=\"se.studio\" \/>\n<meta property=\"article:modified_time\" content=\"2026-03-24T16:13:34+00:00\" \/>\n<meta name=\"twitter:card\" content=\"summary_large_image\" \/>\n<meta name=\"twitter:label1\" content=\"Tiempo de lectura\">\n\t<meta name=\"twitter:data1\" content=\"1 minuto\">\n<script type=\"application\/ld+json\" class=\"yoast-schema-graph\">{\"@context\":\"https:\/\/schema.org\",\"@graph\":[{\"@type\":\"WebSite\",\"@id\":\"https:\/\/sestudio.me\/#website\",\"url\":\"https:\/\/sestudio.me\/\",\"name\":\"se.studio\",\"description\":\"Estudio de dise\\u00f1o de interiores en Barcelona\",\"potentialAction\":[{\"@type\":\"SearchAction\",\"target\":\"https:\/\/sestudio.me\/?s={search_term_string}\",\"query-input\":\"required name=search_term_string\"}],\"inLanguage\":\"es\"},{\"@type\":\"WebPage\",\"@id\":\"https:\/\/sestudio.me\/services\/#webpage\",\"url\":\"https:\/\/sestudio.me\/services\/\",\"name\":\"[:en]Interior Design Services in Barcelona | se.studio[:es]Servicios de dise\\u00f1o de interiores en Barcelona | se.studio[:ru]\\u0423\\u0441\\u043b\\u0443\\u0433\\u0438 \\u0434\\u0438\\u0437\\u0430\\u0439\\u043d\\u0430 \\u0438\\u043d\\u0442\\u0435\\u0440\\u044c\\u0435\\u0440\\u0430 \\u0432 \\u0411\\u0430\\u0440\\u0441\\u0435\\u043b\\u043e\\u043d\\u0435 | se.studio[:]\",\"isPartOf\":{\"@id\":\"https:\/\/sestudio.me\/#website\"},\"datePublished\":\"2020-10-26T08:58:10+00:00\",\"dateModified\":\"2026-03-24T16:13:34+00:00\",\"description\":\"{:en}Interior design services in Barcelona for homes, offices and commercial spaces. Tailored projects from concept development to final execution.{:es}Servicios de dise\\u00f1o de interiores en Barcelona para viviendas, oficinas y espacios comerciales. Proyectos personalizados desde la idea hasta la realizaci\\u00f3n.{:ru} \\u0423\\u0441\\u043b\\u0443\\u0433\\u0438 \\u0434\\u0438\\u0437\\u0430\\u0439\\u043d\\u0430 \\u0438\\u043d\\u0442\\u0435\\u0440\\u044c\\u0435\\u0440\\u0430 \\u0432 \\u0411\\u0430\\u0440\\u0441\\u0435\\u043b\\u043e\\u043d\\u0435 \\u0434\\u043b\\u044f \\u043a\\u0432\\u0430\\u0440\\u0442\\u0438\\u0440, \\u0434\\u043e\\u043c\\u043e\\u0432, \\u043e\\u0444\\u0438\\u0441\\u043e\\u0432 \\u0438 \\u043a\\u043e\\u043c\\u043c\\u0435\\u0440\\u0447\\u0435\\u0441\\u043a\\u0438\\u0445 \\u043f\\u0440\\u043e\\u0441\\u0442\\u0440\\u0430\\u043d\\u0441\\u0442\\u0432. \\u0418\\u043d\\u0434\\u0438\\u0432\\u0438\\u0434\\u0443\\u0430\\u043b\\u044c\\u043d\\u044b\\u0435 \\u043f\\u0440\\u043e\\u0435\\u043a\\u0442\\u044b \\u043e\\u0442 \\u043a\\u043e\\u043d\\u0446\\u0435\\u043f\\u0446\\u0438\\u0438 \\u0434\\u043e \\u0440\\u0435\\u0430\\u043b\\u0438\\u0437\\u0430\\u0446\\u0438\\u0438.{:}\",\"inLanguage\":\"es\",\"potentialAction\":[{\"@type\":\"ReadAction\",\"target\":[\"https:\/\/sestudio.me\/services\/\"]}]}]}<\/script>\n<!-- \/ Yoast SEO plugin. -->","_links":{"self":[{"href":"https:\/\/sestudio.me\/es\/wp-json\/wp\/v2\/pages\/263","targetHints":{"allow":["GET"]}}],"collection":[{"href":"https:\/\/sestudio.me\/es\/wp-json\/wp\/v2\/pages"}],"about":[{"href":"https:\/\/sestudio.me\/es\/wp-json\/wp\/v2\/types\/page"}],"author":[{"embeddable":true,"href":"https:\/\/sestudio.me\/es\/wp-json\/wp\/v2\/users\/1"}],"replies":[{"embeddable":true,"href":"https:\/\/sestudio.me\/es\/wp-json\/wp\/v2\/comments?post=263"}],"version-history":[{"count":13,"href":"https:\/\/sestudio.me\/es\/wp-json\/wp\/v2\/pages\/263\/revisions"}],"predecessor-version":[{"id":901,"href":"https:\/\/sestudio.me\/es\/wp-json\/wp\/v2\/pages\/263\/revisions\/901"}],"wp:attachment":[{"href":"https:\/\/sestudio.me\/es\/wp-json\/wp\/v2\/media?parent=263"}],"curies":[{"name":"wp","href":"https:\/\/api.w.org\/{rel}","templated":true}]}}